{"id":2586,"date":"2022-01-19T15:28:42","date_gmt":"2022-01-19T20:28:42","guid":{"rendered":"https:\/\/realta.cp03.id-3.net\/careers\/"},"modified":"2024-11-18T15:11:25","modified_gmt":"2024-11-18T20:11:25","slug":"testimonies","status":"publish","type":"page","link":"https:\/\/beaufort-murphy.ca\/en\/testimonies\/","title":{"rendered":"Testimonies"},"content":{"rendered":"\t\t<div data-elementor-type=\"wp-page\" data-elementor-id=\"2586\" class=\"elementor elementor-2586 elementor-18\" data-elementor-post-type=\"page\">\n\t\t\t\t\t\t<section class=\"elementor-section elementor-top-section elementor-element elementor-element-bc0079b js__section elementor-section-boxed elementor-section-height-default elementor-section-height-default\" data-id=\"bc0079b\" data-element_type=\"section\" id=\"temoignage__page\" data-section-label=\"T\u00e9moignages\">\n\t\t\t\t\t\t<div class=\"elementor-container elementor-column-gap-default\">\n\t\t\t\t\t<div class=\"elementor-column elementor-col-100 elementor-top-column elementor-element elementor-element-8aee9d2\" data-id=\"8aee9d2\" data-element_type=\"column\">\n\t\t\t<div class=\"elementor-widget-wrap elementor-element-populated\">\n\t\t\t\t\t\t<div class=\"elementor-element elementor-element-0071157 js__section--label elementor-widget elementor-widget-html\" data-id=\"0071157\" data-element_type=\"widget\" data-widget_type=\"html.default\">\n\t\t\t\t<div class=\"elementor-widget-container\">\n\t\t\tTestimonies\t\t<\/div>\n\t\t\t\t<\/div>\n\t\t\t\t<div class=\"elementor-section elementor-inner-section elementor-element elementor-element-d1993bc elementor-section-content-middle elementor-section-full_width elementor-section-height-default elementor-section-height-default\" data-id=\"d1993bc\" data-element_type=\"section\" data-settings=\"{&quot;background_background&quot;:&quot;classic&quot;}\">\n\t\t\t\t\t\t<div class=\"elementor-container elementor-column-gap-default\">\n\t\t\t\t\t<div class=\"elementor-column elementor-col-100 elementor-inner-column elementor-element elementor-element-9b94e8c\" data-id=\"9b94e8c\" data-element_type=\"column\">\n\t\t\t<div class=\"elementor-widget-wrap elementor-element-populated\">\n\t\t\t\t\t\t<div class=\"elementor-element elementor-element-23cbf2d elementor-widget__width-initial elementor-widget-mobile__width-initial elementor-widget-tablet__width-initial elementor-invisible elementor-widget elementor-widget-heading\" data-id=\"23cbf2d\" data-element_type=\"widget\" data-settings=\"{&quot;_animation&quot;:&quot;slideInDown&quot;}\" data-widget_type=\"heading.default\">\n\t\t\t\t<div class=\"elementor-widget-container\">\n\t\t\t<h1 class=\"elementor-heading-title elementor-size-default\">Testimonies<\/h1>\t\t<\/div>\n\t\t\t\t<\/div>\n\t\t\t\t<div class=\"elementor-element elementor-element-ca58507 elementor-widget-tablet__width-inherit elementor-widget-mobile__width-inherit elementor-invisible elementor-widget elementor-widget-heading\" data-id=\"ca58507\" data-element_type=\"widget\" data-settings=\"{&quot;_animation&quot;:&quot;slideInDown&quot;}\" data-widget_type=\"heading.default\">\n\t\t\t\t<div class=\"elementor-widget-container\">\n\t\t\t<h2 class=\"elementor-heading-title elementor-size-default\">Happy customers<\/h2>\t\t<\/div>\n\t\t\t\t<\/div>\n\t\t\t\t\t<\/div>\n\t\t<\/div>\n\t\t\t\t\t<\/div>\n\t\t<\/div>\n\t\t\t\t<div class=\"elementor-section elementor-inner-section elementor-element elementor-element-b880f91 elementor-section-full_width elementor-section-height-default elementor-section-height-default\" data-id=\"b880f91\" data-element_type=\"section\">\n\t\t\t\t\t\t<div class=\"elementor-container elementor-column-gap-default\">\n\t\t\t\t\t<div class=\"elementor-column elementor-col-50 elementor-inner-column elementor-element elementor-element-a7e1812 temoignage__content\" data-id=\"a7e1812\" data-element_type=\"column\" data-settings=\"{&quot;background_background&quot;:&quot;classic&quot;}\">\n\t\t\t<div class=\"elementor-widget-wrap elementor-element-populated\">\n\t\t\t\t\t<div class=\"elementor-background-overlay\"><\/div>\n\t\t\t\t\t\t<div class=\"elementor-element elementor-element-88524ae elementor-widget__width-initial elementor-widget elementor-widget-testimonial\" data-id=\"88524ae\" data-element_type=\"widget\" data-widget_type=\"testimonial.default\">\n\t\t\t\t<div class=\"elementor-widget-container\">\n\t\t\t\t\t<div class=\"elementor-testimonial-wrapper\">\n\t\t\t\t\t\t\t<div class=\"elementor-testimonial-content\"><p>Merci du fond du c\u0153ur Monique et Isabelle de nous avoir assist\u00e9s dans la vente de notre maison. Une maison pleine de cachet mais diff\u00e9rente des standards sur le march\u00e9. Votre approche bas\u00e9e sur la confiance mutuelle et la transparence nous a tout de suite plu. Votre grande exp\u00e9rience a aussi fait la diff\u00e9rence dans les d\u00e9cisions \u00e0 prendre. Mais nous gardons surtout le sentiment que vous preniez en charge ce projet, dans un \u00e9quilibre d\u2019empathie et d\u2019expertise. Vous \u00eates des perles rares!\u00a0<\/p>\n<\/div>\n\t\t\t\n\t\t\t\t\t\t<div class=\"elementor-testimonial-meta\">\n\t\t\t\t<div class=\"elementor-testimonial-meta-inner\">\n\t\t\t\t\t\n\t\t\t\t\t\t\t\t\t\t<div class=\"elementor-testimonial-details\">\n\t\t\t\t\t\t\t\t\t\t\t\t\t\t<div class=\"elementor-testimonial-name\">Catherine et Yann<\/div>\n\t\t\t\t\t\t\t\t\t\t\t\t\t\t\t\t\t\t\t<\/div>\n\t\t\t\t\t\t\t\t\t<\/div>\n\t\t\t<\/div>\n\t\t\t\t\t<\/div>\n\t\t\t\t<\/div>\n\t\t\t\t<\/div>\n\t\t\t\t<div class=\"elementor-element elementor-element-ffc88a8 elementor-widget__width-auto elementor-absolute temoignage_button--widget elementor-widget elementor-widget-html\" data-id=\"ffc88a8\" data-element_type=\"widget\" data-settings=\"{&quot;_position&quot;:&quot;absolute&quot;}\" data-widget_type=\"html.default\">\n\t\t\t\t<div class=\"elementor-widget-container\">\n\t\t\t<div class=\"temoignage__button--content\">\r\n    <a class=\"temoignage__toggle toggle__open\">More<\/a>\r\n    <a class=\"temoignage__toggle toggle__close\">Close<\/a>\r\n    <div>\r\n        <span class=\"temoignage__icon--horizontal\"><\/span>\r\n    <span class=\"temoignage__icon--vertical\"><\/span>\r\n    <\/div>\r\n<\/div>\t\t<\/div>\n\t\t\t\t<\/div>\n\t\t\t\t\t<\/div>\n\t\t<\/div>\n\t\t\t\t<div class=\"elementor-column elementor-col-50 elementor-inner-column elementor-element elementor-element-861e2f1 temoignage__content\" data-id=\"861e2f1\" data-element_type=\"column\" data-settings=\"{&quot;background_background&quot;:&quot;classic&quot;}\">\n\t\t\t<div class=\"elementor-widget-wrap elementor-element-populated\">\n\t\t\t\t\t<div class=\"elementor-background-overlay\"><\/div>\n\t\t\t\t\t\t<div class=\"elementor-element elementor-element-83f31e6 elementor-widget__width-initial elementor-widget elementor-widget-testimonial\" data-id=\"83f31e6\" data-element_type=\"widget\" data-widget_type=\"testimonial.default\">\n\t\t\t\t<div class=\"elementor-widget-container\">\n\t\t\t\t\t<div class=\"elementor-testimonial-wrapper\">\n\t\t\t\t\t\t\t<div class=\"elementor-testimonial-content\"><p>Depuis pr\u00e8s de quinze ans que je connais Monique, elle a proc\u00e9d\u00e9 \u00e0 six transactions immobili\u00e8res pour moi et ma famille: la vente de deux logements d'un triplex, l'achat de notre duplex et la vente de l'\u00e9tage, l'achat d'un duplex pour un de nos enfants. \u00c0 chaque fois nous avons pu appr\u00e9cier non seulement sa comp\u00e9tence et son efficacit\u00e9 professionnelle, mais davantage, et elles y sont li\u00e9es, son intelligence et sa finesse personnelles. Jamais de pressions indues, toujours des explications pertinentes, du tact, une gentillesse qui vous donnent envie de vendre -ou d'acheter- serait-ce pour le plaisir de la voir agir ou de la voir tout court!\u00a0<\/p>\n<\/div>\n\t\t\t\n\t\t\t\t\t\t<div class=\"elementor-testimonial-meta\">\n\t\t\t\t<div class=\"elementor-testimonial-meta-inner\">\n\t\t\t\t\t\n\t\t\t\t\t\t\t\t\t\t<div class=\"elementor-testimonial-details\">\n\t\t\t\t\t\t\t\t\t\t\t\t\t\t<div class=\"elementor-testimonial-name\">Jean<\/div>\n\t\t\t\t\t\t\t\t\t\t\t\t\t\t\t\t\t\t\t<\/div>\n\t\t\t\t\t\t\t\t\t<\/div>\n\t\t\t<\/div>\n\t\t\t\t\t<\/div>\n\t\t\t\t<\/div>\n\t\t\t\t<\/div>\n\t\t\t\t<div class=\"elementor-element elementor-element-fffad70 elementor-widget__width-auto elementor-absolute temoignage_button--widget elementor-widget elementor-widget-html\" data-id=\"fffad70\" data-element_type=\"widget\" data-settings=\"{&quot;_position&quot;:&quot;absolute&quot;}\" data-widget_type=\"html.default\">\n\t\t\t\t<div class=\"elementor-widget-container\">\n\t\t\t<div class=\"temoignage__button--content\">\r\n    <a class=\"temoignage__toggle toggle__open\">More<\/a>\r\n    <a class=\"temoignage__toggle toggle__close\">Close<\/a>\r\n    <div>\r\n        <span class=\"temoignage__icon--horizontal\"><\/span>\r\n    <span class=\"temoignage__icon--vertical\"><\/span>\r\n    <\/div>\r\n<\/div>\t\t<\/div>\n\t\t\t\t<\/div>\n\t\t\t\t\t<\/div>\n\t\t<\/div>\n\t\t\t\t\t<\/div>\n\t\t<\/div>\n\t\t\t\t<div class=\"elementor-section elementor-inner-section elementor-element elementor-element-8ecde8c elementor-section-full_width elementor-section-content-space-between elementor-section-height-default elementor-section-height-default\" data-id=\"8ecde8c\" data-element_type=\"section\">\n\t\t\t\t\t\t<div class=\"elementor-container elementor-column-gap-default\">\n\t\t\t\t\t<div class=\"elementor-column elementor-col-100 elementor-inner-column elementor-element elementor-element-99d3b10 temoignage__content\" data-id=\"99d3b10\" data-element_type=\"column\" data-settings=\"{&quot;background_background&quot;:&quot;classic&quot;}\">\n\t\t\t<div class=\"elementor-widget-wrap elementor-element-populated\">\n\t\t\t\t\t<div class=\"elementor-background-overlay\"><\/div>\n\t\t\t\t\t\t<div class=\"elementor-element elementor-element-a1215b6 elementor-widget__width-initial elementor-widget elementor-widget-testimonial\" data-id=\"a1215b6\" data-element_type=\"widget\" data-widget_type=\"testimonial.default\">\n\t\t\t\t<div class=\"elementor-widget-container\">\n\t\t\t\t\t<div class=\"elementor-testimonial-wrapper\">\n\t\t\t\t\t\t\t<div class=\"elementor-testimonial-content\"><p>Monique est une courti\u00e8re exceptionnelle qui accomplit un travail remarquable, avec comp\u00e9tence, vision et sensibilit\u00e9. Elle a su comprendre et trouver ce qui nous convenait, et faire en sorte que ce soit nous qui en devenions les propri\u00e9taires dans la plus grande joie et facilit\u00e9. Elle a cette d\u00e9termination rarissime qui vous fait rapidement comprendre que vous \u00eates entre les mains d\u2019une experte. De plus, elle a su nous conseiller avec justesse pour vendre notre demeure dans les plus brefs d\u00e9lais, au meilleur prix possible. Et cela a fonctionn\u00e9 : elle a \u00e9t\u00e9 vendue en 48 heures et plus haut que le prix affich\u00e9. Et tout \u00e7a avec respect, franchise, g\u00e9n\u00e9rosit\u00e9 et beaucoup de plaisir!\u00a0<\/p>\n<\/div>\n\t\t\t\n\t\t\t\t\t\t<div class=\"elementor-testimonial-meta\">\n\t\t\t\t<div class=\"elementor-testimonial-meta-inner\">\n\t\t\t\t\t\n\t\t\t\t\t\t\t\t\t\t<div class=\"elementor-testimonial-details\">\n\t\t\t\t\t\t\t\t\t\t\t\t\t\t<div class=\"elementor-testimonial-name\">Anne-Marie et Jean-Philippe<\/div>\n\t\t\t\t\t\t\t\t\t\t\t\t\t\t\t\t\t\t\t<\/div>\n\t\t\t\t\t\t\t\t\t<\/div>\n\t\t\t<\/div>\n\t\t\t\t\t<\/div>\n\t\t\t\t<\/div>\n\t\t\t\t<\/div>\n\t\t\t\t<div class=\"elementor-element elementor-element-3b8c17b elementor-widget__width-auto elementor-absolute temoignage_button--widget elementor-widget elementor-widget-html\" data-id=\"3b8c17b\" data-element_type=\"widget\" data-settings=\"{&quot;_position&quot;:&quot;absolute&quot;}\" data-widget_type=\"html.default\">\n\t\t\t\t<div class=\"elementor-widget-container\">\n\t\t\t<div class=\"temoignage__button--content\">\r\n    <a class=\"temoignage__toggle toggle__open\">More<\/a>\r\n    <a class=\"temoignage__toggle toggle__close\">Close<\/a>\r\n    <div>\r\n        <span class=\"temoignage__icon--horizontal\"><\/span>\r\n    <span class=\"temoignage__icon--vertical\"><\/span>\r\n    <\/div>\r\n<\/div>\t\t<\/div>\n\t\t\t\t<\/div>\n\t\t\t\t\t<\/div>\n\t\t<\/div>\n\t\t\t\t\t<\/div>\n\t\t<\/div>\n\t\t\t\t\t<\/div>\n\t\t<\/div>\n\t\t\t\t\t<\/div>\n\t\t<\/section>\n\t\t\t\t<\/div>\n\t\t","protected":false},"excerpt":{"rendered":"<p>Testimonies Testimonies Happy customers Merci du fond du c\u0153ur Monique et Isabelle de nous avoir assist\u00e9s dans la vente de notre maison. Une maison pleine de cachet mais diff\u00e9rente des standards sur le march\u00e9. Votre approche bas\u00e9e sur la confiance mutuelle et la transparence nous a tout de suite plu. Votre grande exp\u00e9rience a aussi [&hellip;]<\/p>\n","protected":false},"author":1,"featured_media":0,"parent":0,"menu_order":0,"comment_status":"closed","ping_status":"closed","template":"","meta":{"footnotes":""},"class_list":["post-2586","page","type-page","status-publish","hentry"],"_links":{"self":[{"href":"https:\/\/beaufort-murphy.ca\/en\/wp-json\/wp\/v2\/pages\/2586","targetHints":{"allow":["GET"]}}],"collection":[{"href":"https:\/\/beaufort-murphy.ca\/en\/wp-json\/wp\/v2\/pages"}],"about":[{"href":"https:\/\/beaufort-murphy.ca\/en\/wp-json\/wp\/v2\/types\/page"}],"author":[{"embeddable":true,"href":"https:\/\/beaufort-murphy.ca\/en\/wp-json\/wp\/v2\/users\/1"}],"replies":[{"embeddable":true,"href":"https:\/\/beaufort-murphy.ca\/en\/wp-json\/wp\/v2\/comments?post=2586"}],"version-history":[{"count":16,"href":"https:\/\/beaufort-murphy.ca\/en\/wp-json\/wp\/v2\/pages\/2586\/revisions"}],"predecessor-version":[{"id":29994,"href":"https:\/\/beaufort-murphy.ca\/en\/wp-json\/wp\/v2\/pages\/2586\/revisions\/29994"}],"wp:attachment":[{"href":"https:\/\/beaufort-murphy.ca\/en\/wp-json\/wp\/v2\/media?parent=2586"}],"curies":[{"name":"wp","href":"https:\/\/api.w.org\/{rel}","templated":true}]}}